{"id":3920,"date":"2019-06-10T18:21:55","date_gmt":"2019-06-10T16:21:55","guid":{"rendered":"http:\/\/rochaijzerman.io\/?page_id=3920"},"modified":"2024-12-13T09:06:10","modified_gmt":"2024-12-13T08:06:10","slug":"about-me","status":"publish","type":"page","link":"https:\/\/rochaijzerman.io\/pt\/about-me\/","title":{"rendered":"Sobre Daniela"},"content":{"rendered":"<div class=\"wpb-content-wrapper\"><div class=\"vc_row wpb_row vc_row-fluid\"><div class=\"wpb_column vc_column_container vc_col-sm-12\"><div class=\"vc_column-inner\"><div class=\"wpb_wrapper\">\n\t<div  class=\"wpb_single_image wpb_content_element vc_align_center wpb_content_element vc_custom_1572429613377\">\n\t\t\n\t\t<figure class=\"wpb_wrapper vc_figure\">\n\t\t\t<div class=\"vc_single_image-wrapper vc_box_circle  vc_box_border_grey\"><img decoding=\"async\" class=\"vc_single_image-img\" src=\"https:\/\/rochaijzerman.io\/wp-content\/uploads\/2015\/01\/daniela-1-e1572429587240-252x252.jpg\" width=\"252\" height=\"252\" alt=\"main2\" title=\"daniela\" loading=\"lazy\" \/><\/div>\n\t\t<\/figure>\n\t<\/div>\n<\/div><\/div><\/div><\/div><div class=\"vc_row wpb_row vc_row-fluid vc_custom_1560204762753 vc_row-o-content-middle vc_row-flex\"><div class=\"wpb_column vc_column_container vc_col-sm-3\"><div class=\"vc_column-inner\"><div class=\"wpb_wrapper\"><div class=\"vc_row wpb_row vc_inner vc_row-fluid\"><div class=\"wpb_column vc_column_container vc_col-sm-12\"><div class=\"vc_column-inner\"><div class=\"wpb_wrapper\">\n\t<div class=\"wpb_text_column wpb_content_element\" >\n\t\t<div class=\"wpb_wrapper\">\n\t\t\t\n\t\t<\/div>\n\t<\/div>\n<\/div><\/div><\/div><\/div><\/div><\/div><\/div><div class=\"wpb_column vc_column_container vc_col-sm-6\"><div class=\"vc_column-inner\"><div class=\"wpb_wrapper\">\n\t<div class=\"wpb_text_column wpb_content_element vc_custom_1734077156954\" >\n\t\t<div class=\"wpb_wrapper\">\n\t\t\t<p style=\"font-weight: 400; text-align: justify;\">Sou terapeuta individual e de casal reconhecida como Psic\u00f3loga no Brasil, na Holanda e na Fran\u00e7a. Meu trabalho como terapeuta \u00e9 baseado em atuar com terapia baseada em evid\u00eancias. Eu regularmente participo de confer\u00eancias cient\u00edficas para estar informada sobre os desenvolvimentos mais recentes na psicologia e para que eu possa ajud\u00e1-lo melhor. Trabalho com indiv\u00edduos, casais e fam\u00edlias desde 2008. Tenho experi\u00eancia como terapeuta no Brasil, na Holanda e agora na Fran\u00e7a, onde moro atualmente. Trabalhei com clientes adultos em sess\u00f5es presenciais e clientes online em todo o mundo. Meu trabalho \u00e9 focado em quest\u00f5es relacionadas a transi\u00e7\u00f5es de vida, dificuldades de relacionamento, adapta\u00e7\u00e3o cultural, estresse, inseguran\u00e7a, depress\u00e3o e ansiedade. Fa\u00e7o os atendimentos em portugu\u00eas e ingl\u00eas.<\/p>\n<p style=\"font-weight: 400; text-align: justify;\">Nasci, cresci e morei a maior parte da minha vida em S\u00e3o Paulo (Brasil) e moro na Fran\u00e7a h\u00e1 v\u00e1rios anos. Tamb\u00e9m tive a oportunidade de morar e fazer treinamentos na Holanda. A experi\u00eancia de morar no exterior me deixou sens\u00edvel \u00e0s necessidades e aos anseios espec\u00edficos que temos quando moramos longe de casa. Como viajo regularmente para confer\u00eancias cient\u00edficas e para voltar ao meu pa\u00eds natal, entendo a vida de expatriado.<\/p>\n<p><span style=\"font-weight: 400;\">Minha forma\u00e7\u00e3o se concentrou em torno das abordagens Sist\u00eamica, Cognitivo-Comportamental (TCC) e da Terapia Focada nas Emo\u00e7\u00f5es (EFT). No meu trabalho atual utilizo a TCC para terapia individual e EFT para terapia individual <\/span><i><span style=\"font-weight: 400;\">e<\/span><\/i><span style=\"font-weight: 400;\"> terapia de casal.\u00a0 Ap\u00f3s entender os problemas e expectativas de meus clientes, discuto com eles qual abordagem parece ser mais \u00fatil para sua situa\u00e7\u00e3o.\u00a0<\/span><\/p>\n<p>Como observado, a terapia baseada em evid\u00eancias est\u00e1 na base da minha atua\u00e7\u00e3o como terapeuta para ajud\u00e1-lo melhor. Sou ativamente envolvida em participar de confer\u00eancias cient\u00edficas, ser treinada pelos principais terapeutas de EFT e constantemente me atualizar sobre a ci\u00eancia da psicologia. Continuo curiosa para aprender mais e crescer em minha profiss\u00e3o como terapeuta.<\/p>\n<p>&nbsp;<\/p>\n<h2 style=\"color: #485366; margin-top: 3%;\"><strong>Educa\u00e7\u00e3o<\/strong><\/h2>\n<p style=\"margin-top: 30px; text-align: justify;\"><!-- \/wp:post-content --><\/p>\n<p style=\"text-align: justify;\"><!-- wp:list --><\/p>\n<ul>\n<li>Treinamento Avan\u00e7ado em Terapia Focada nas Emo\u00e7\u00f5es - <a href=\"https:\/\/iceeft.com\/\">ICEEFT<\/a>, Lisboa (Portugal)<\/li>\n<li>Terapia Individual Focada nas Emo\u00e7\u00f5es - <a href=\"https:\/\/www.eftnetwerk.nl\/nl\/index.html\">EFT Netwerk<\/a>, Oisterwijk (Pa\u00edses Baixos)<\/li>\n<li>Treinamento de base em Terapia Focada nas Emo\u00e7\u00f5es (EFT) - <a href=\"https:\/\/iceeft.com\">ICEEFT<\/a>, Toronto (Canada)<\/li>\n<li>Fundamentos em Mindfulness <a href=\"https:\/\/ipqhc.org.br\/\">- Instituto de Psiquiatria Hospital das Cl\u00ednicas<\/a>, S\u00e3o Paulo (Brasil)<\/li>\n<li>Especializa\u00e7\u00e3o em Terapia Cognitivo-Comportamental - <a href=\"http:\/\/www.itcbr.com\">ITC<\/a>, S\u00e3o Paulo (Brasil)<\/li>\n<li>Mestrado em Psicologia Cl\u00ednica - <a href=\"https:\/\/www.universiteitleiden.nl\/en\">Universidade de Leiden<\/a>, Leiden (Pa\u00edses Baixos)<\/li>\n<li>Especializa\u00e7\u00e3o em Terapia Familiar e de Casal - <a href=\"https:\/\/www5.pucsp.br\/paginainicial\/\">PUC-SP<\/a>, S\u00e3o Paulo (Brasil)<\/li>\n<li>Gradua\u00e7\u00e3o em Psicologia - <a href=\"https:\/\/www5.pucsp.br\/paginainicial\/\">PUC-SP<\/a>, S\u00e3o Paulo (Brasil)<\/li>\n<\/ul>\n<p><!-- \/wp:list --><br \/><!-- wp:heading --><\/p>\n<h2 style=\"color: #485366; margin-top: 3%;\"><strong>Afilia\u00e7\u00f5es Profissionais<\/strong><\/h2>\n<p style=\"margin-top: 30px; text-align: justify;\"><!-- wp:list --><\/p>\n<ul>\n<li>Membro do Centro Internacional para Excel\u00eancia em Terapia Focada nas Emo\u00e7\u00f5es (<a href=\"http:\/\/www.iceeft.com\/\">ICEEFT<\/a>)<\/li>\n<li>Member of the Association for Contextual Behavioral Science (<a href=\"https:\/\/contextualscience.org\/\">ACBS<\/a>)<\/li>\n<li>Membro da Associa\u00e7\u00e3o para Ci\u00eancia Psicol\u00f3gica (<a href=\"https:\/\/www.psychologicalscience.org\">Association for Psychological Science - APS)<\/a>)<\/li>\n<li>Membro da Comunidade de Terapia Focada nas Emo\u00e7\u00f5es na Fran\u00e7a (<a href=\"https:\/\/eftfrance.fr\">EFT France<\/a>)<\/li>\n<li>Member of F\u00e9d\u00e9ration Fran\u00e7aise des Psychologues et de Psychologie (<a href=\"https:\/\/ffpp.net\/\">FFPP)<\/a><\/li>\n<\/ul>\n<p><!-- \/wp:list --><\/p>\n<p>&nbsp;<\/p>\n\n\t\t<\/div>\n\t<\/div>\n<\/div><\/div><\/div><div class=\"wpb_column vc_column_container vc_col-sm-3\"><div class=\"vc_column-inner\"><div class=\"wpb_wrapper\"><\/div><\/div><\/div><\/div><div class=\"vc_row wpb_row vc_row-fluid vc_custom_1560204762753 vc_row-o-content-middle vc_row-flex\"><div class=\"wpb_column vc_column_container vc_col-sm-12\"><div class=\"vc_column-inner\"><div class=\"wpb_wrapper\"><div class=\"vc_row wpb_row vc_inner vc_row-fluid\"><div class=\"wpb_column vc_column_container vc_col-sm-1\/5\"><div class=\"vc_column-inner\"><div class=\"wpb_wrapper\">\n\t<div  class=\"wpb_single_image wpb_content_element vc_align_center wpb_content_element vc_custom_1654152037741\">\n\t\t\n\t\t<figure class=\"wpb_wrapper vc_figure\">\n\t\t\t<div class=\"vc_single_image-wrapper   vc_box_border_grey\"><img loading=\"lazy\" decoding=\"async\" width=\"190\" height=\"84\" src=\"https:\/\/rochaijzerman.io\/wp-content\/uploads\/2019\/06\/1-e1654151880292.png\" class=\"vc_single_image-img attachment-full\" alt=\"\" title=\"1\" \/><\/div>\n\t\t<\/figure>\n\t<\/div>\n<\/div><\/div><\/div><div class=\"wpb_column vc_column_container vc_col-sm-1\/5\"><div class=\"vc_column-inner\"><div class=\"wpb_wrapper\">\n\t<div  class=\"wpb_single_image wpb_content_element vc_align_center wpb_content_element\">\n\t\t\n\t\t<figure class=\"wpb_wrapper vc_figure\">\n\t\t\t<div class=\"vc_single_image-wrapper   vc_box_border_grey\"><img loading=\"lazy\" decoding=\"async\" width=\"574\" height=\"240\" src=\"https:\/\/rochaijzerman.io\/wp-content\/uploads\/2022\/10\/Screenshot-2022-10-07-at-15.04.53.png\" class=\"vc_single_image-img attachment-large\" alt=\"\" title=\"Screenshot 2022-10-07 at 15.04.53\" srcset=\"https:\/\/rochaijzerman.io\/wp-content\/uploads\/2022\/10\/Screenshot-2022-10-07-at-15.04.53.png 574w, https:\/\/rochaijzerman.io\/wp-content\/uploads\/2022\/10\/Screenshot-2022-10-07-at-15.04.53-300x125.png 300w, https:\/\/rochaijzerman.io\/wp-content\/uploads\/2022\/10\/Screenshot-2022-10-07-at-15.04.53-18x8.png 18w, https:\/\/rochaijzerman.io\/wp-content\/uploads\/2022\/10\/Screenshot-2022-10-07-at-15.04.53-80x33.png 80w\" sizes=\"auto, (max-width: 574px) 100vw, 574px\" \/><\/div>\n\t\t<\/figure>\n\t<\/div>\n<\/div><\/div><\/div><div class=\"wpb_column vc_column_container vc_col-sm-1\/5\"><div class=\"vc_column-inner\"><div class=\"wpb_wrapper\">\n\t<div  class=\"wpb_single_image wpb_content_element vc_align_center wpb_content_element vc_custom_1560336655136\">\n\t\t\n\t\t<figure class=\"wpb_wrapper vc_figure\">\n\t\t\t<div class=\"vc_single_image-wrapper   vc_box_border_grey\"><img loading=\"lazy\" decoding=\"async\" width=\"922\" height=\"228\" src=\"https:\/\/rochaijzerman.io\/wp-content\/uploads\/2019\/06\/3-1.png\" class=\"vc_single_image-img attachment-full\" alt=\"\" title=\"3\" srcset=\"https:\/\/rochaijzerman.io\/wp-content\/uploads\/2019\/06\/3-1.png 922w, https:\/\/rochaijzerman.io\/wp-content\/uploads\/2019\/06\/3-1-300x74.png 300w, https:\/\/rochaijzerman.io\/wp-content\/uploads\/2019\/06\/3-1-768x190.png 768w, https:\/\/rochaijzerman.io\/wp-content\/uploads\/2019\/06\/3-1-800x198.png 800w, https:\/\/rochaijzerman.io\/wp-content\/uploads\/2019\/06\/3-1-80x20.png 80w\" sizes=\"auto, (max-width: 922px) 100vw, 922px\" \/><\/div>\n\t\t<\/figure>\n\t<\/div>\n<\/div><\/div><\/div><div class=\"wpb_column vc_column_container vc_col-sm-1\/5\"><div class=\"vc_column-inner\"><div class=\"wpb_wrapper\">\n\t<div  class=\"wpb_single_image wpb_content_element vc_align_center wpb_content_element\">\n\t\t\n\t\t<figure class=\"wpb_wrapper vc_figure\">\n\t\t\t<div class=\"vc_single_image-wrapper   vc_box_border_grey\"><img loading=\"lazy\" decoding=\"async\" width=\"530\" height=\"198\" src=\"https:\/\/rochaijzerman.io\/wp-content\/uploads\/2021\/02\/EFT-France-Association-logo.png\" class=\"vc_single_image-img attachment-full\" alt=\"\" title=\"EFT France Association logo\" srcset=\"https:\/\/rochaijzerman.io\/wp-content\/uploads\/2021\/02\/EFT-France-Association-logo.png 530w, https:\/\/rochaijzerman.io\/wp-content\/uploads\/2021\/02\/EFT-France-Association-logo-300x112.png 300w, https:\/\/rochaijzerman.io\/wp-content\/uploads\/2021\/02\/EFT-France-Association-logo-16x6.png 16w, https:\/\/rochaijzerman.io\/wp-content\/uploads\/2021\/02\/EFT-France-Association-logo-80x30.png 80w\" sizes=\"auto, (max-width: 530px) 100vw, 530px\" \/><\/div>\n\t\t<\/figure>\n\t<\/div>\n<\/div><\/div><\/div><div class=\"wpb_column vc_column_container vc_col-sm-1\/5\"><div class=\"vc_column-inner\"><div class=\"wpb_wrapper\">\n\t<div  class=\"wpb_single_image wpb_content_element vc_align_left wpb_content_element\">\n\t\t\n\t\t<figure class=\"wpb_wrapper vc_figure\">\n\t\t\t<div class=\"vc_single_image-wrapper   vc_box_border_grey\"><img loading=\"lazy\" decoding=\"async\" width=\"146\" height=\"107\" src=\"https:\/\/rochaijzerman.io\/wp-content\/uploads\/2022\/06\/ffpp.png\" class=\"vc_single_image-img attachment-medium\" alt=\"\" title=\"ffpp\" srcset=\"https:\/\/rochaijzerman.io\/wp-content\/uploads\/2022\/06\/ffpp.png 146w, https:\/\/rochaijzerman.io\/wp-content\/uploads\/2022\/06\/ffpp-16x12.png 16w, https:\/\/rochaijzerman.io\/wp-content\/uploads\/2022\/06\/ffpp-61x45.png 61w, https:\/\/rochaijzerman.io\/wp-content\/uploads\/2022\/06\/ffpp-80x59.png 80w\" sizes=\"auto, (max-width: 146px) 100vw, 146px\" \/><\/div>\n\t\t<\/figure>\n\t<\/div>\n<\/div><\/div><\/div><\/div><\/div><\/div><\/div><\/div>\n<\/div>","protected":false},"excerpt":{"rendered":"I am an individual and relationship therapist licensed as a Psychologist in Brazil, in France, and in The Netherlands. Leading...","protected":false},"author":39,"featured_media":0,"parent":0,"menu_order":0,"comment_status":"closed","ping_status":"closed","template":"","meta":{"footnotes":""},"simple-restrict-permission":[],"class_list":["post-3920","page","type-page","status-publish","hentry"],"_links":{"self":[{"href":"https:\/\/rochaijzerman.io\/pt\/wp-json\/wp\/v2\/pages\/3920","targetHints":{"allow":["GET"]}}],"collection":[{"href":"https:\/\/rochaijzerman.io\/pt\/wp-json\/wp\/v2\/pages"}],"about":[{"href":"https:\/\/rochaijzerman.io\/pt\/wp-json\/wp\/v2\/types\/page"}],"author":[{"embeddable":true,"href":"https:\/\/rochaijzerman.io\/pt\/wp-json\/wp\/v2\/users\/39"}],"replies":[{"embeddable":true,"href":"https:\/\/rochaijzerman.io\/pt\/wp-json\/wp\/v2\/comments?post=3920"}],"version-history":[{"count":42,"href":"https:\/\/rochaijzerman.io\/pt\/wp-json\/wp\/v2\/pages\/3920\/revisions"}],"predecessor-version":[{"id":4901,"href":"https:\/\/rochaijzerman.io\/pt\/wp-json\/wp\/v2\/pages\/3920\/revisions\/4901"}],"wp:attachment":[{"href":"https:\/\/rochaijzerman.io\/pt\/wp-json\/wp\/v2\/media?parent=3920"}],"wp:term":[{"taxonomy":"simple-restrict-permission","embeddable":true,"href":"https:\/\/rochaijzerman.io\/pt\/wp-json\/wp\/v2\/simple-restrict-permission?post=3920"}],"curies":[{"name":"wp","href":"https:\/\/api.w.org\/{rel}","templated":true}]}}