{"id":3651,"date":"2016-10-06T11:44:17","date_gmt":"2016-10-06T09:44:17","guid":{"rendered":"http:\/\/collective.kubistudio.com\/vdemo\/?page_id=3651"},"modified":"2023-05-22T09:59:34","modified_gmt":"2023-05-22T07:59:34","slug":"fees","status":"publish","type":"page","link":"https:\/\/rochaijzerman.io\/pt\/fees\/","title":{"rendered":"Valores"},"content":{"rendered":"<div class=\"wpb-content-wrapper\"><div class=\"vc_row wpb_row vc_row-fluid\"><div class=\"wpb_column vc_column_container vc_col-sm-2\"><div class=\"vc_column-inner\"><div class=\"wpb_wrapper\"><\/div><\/div><\/div><div class=\"wpb_column vc_column_container vc_col-sm-8\"><div class=\"vc_column-inner\"><div class=\"wpb_wrapper\">\n\t<div class=\"wpb_text_column wpb_content_element\" >\n\t\t<div class=\"wpb_wrapper\">\n\t\t\t<h3>Valores<\/h3>\n\n\t\t<\/div>\n\t<\/div>\n<\/div><\/div><\/div><div class=\"wpb_column vc_column_container vc_col-sm-2\"><div class=\"vc_column-inner\"><div class=\"wpb_wrapper\"><\/div><\/div><\/div><\/div><div class=\"vc_row wpb_row vc_row-fluid\"><div class=\"wpb_column vc_column_container vc_col-sm-3\"><div class=\"vc_column-inner\"><div class=\"wpb_wrapper\"><\/div><\/div><\/div><div class=\"wpb_column vc_column_container vc_col-sm-3\"><div class=\"vc_column-inner\"><div class=\"wpb_wrapper\">\n\t<div class=\"wpb_text_column wpb_content_element\" >\n\t\t<div class=\"wpb_wrapper\">\n\t\t\t<div style=\"background-color: #eaeaea; padding: 10px;\">\n<h5 style=\"text-align: center;\">SESS\u00c3O DE CASAL PRESENCIAL<\/h5>\n<h5 style=\"text-align: center;\">(75 MINUTOS)<\/h5>\n<p style=\"text-align: center;\">134.00\u20ac<\/p>\n<h5 style=\"text-align: center;\">SESS\u00c3O DE CASAL ONLINE<\/h5>\n<h5 style=\"text-align: center;\">(60 MINUTOS)<\/h5>\n<p style=\"text-align: center;\">107.00\u20ac<\/p>\n<\/div>\n<div style=\"border: solid #eaeaea; padding: 10px;\">\n<p style=\"text-align: center;\">Liga\u00e7\u00e3o inicial de 15 minutos (sem custo)<\/p>\n<\/div>\n\n\t\t<\/div>\n\t<\/div>\n<\/div><\/div><\/div><div class=\"wpb_column vc_column_container vc_col-sm-3\"><div class=\"vc_column-inner\"><div class=\"wpb_wrapper\">\n\t<div class=\"wpb_text_column wpb_content_element\" >\n\t\t<div class=\"wpb_wrapper\">\n\t\t\t<div style=\"background-color: #eaeaea; padding: 10px;\">\n<h5 style=\"text-align: center;\">SESS\u00c3O INDIVIDUAL PRESENCIAL OU ONLINE<\/h5>\n<h5 style=\"text-align: center;\">(50 MINUTOS)<\/h5>\n<p style=\"text-align: center;\">91.00\u20ac<\/p>\n<\/div>\n<div style=\"border: solid #eaeaea; padding: 10px;\">\n<p style=\"text-align: center;\">Liga\u00e7\u00e3o inicial de 15 minutos (sem custo)<\/p>\n<\/div>\n\n\t\t<\/div>\n\t<\/div>\n<\/div><\/div><\/div><div class=\"wpb_column vc_column_container vc_col-sm-3\"><div class=\"vc_column-inner\"><div class=\"wpb_wrapper\"><\/div><\/div><\/div><\/div><div class=\"vc_row wpb_row vc_row-fluid\"><div class=\"wpb_column vc_column_container vc_col-sm-3\"><div class=\"vc_column-inner\"><div class=\"wpb_wrapper\"><\/div><\/div><\/div><div class=\"wpb_column vc_column_container vc_col-sm-6\"><div class=\"vc_column-inner\"><div class=\"wpb_wrapper\">\n\t<div class=\"wpb_text_column wpb_content_element\" >\n\t\t<div class=\"wpb_wrapper\">\n\t\t\t<p style=\"text-align: center;\">As sess\u00f5es n\u00e3o s\u00e3o reembolsadas pela <em>Securit\u00e9 Sociale <\/em>mas elas podem ser reembolsados atrav\u00e9s das<em>\u00a0mutuelles<\/em><\/p>\n<p style=\"text-align: center;\">As sess\u00f5es canceladas com menos de 48 horas de anteced\u00eancia ser\u00e3o cobradas normalmente<\/p>\n<p style=\"text-align: center;\">Sess\u00f5es canceladas com mais de 48 horas de anteced\u00eancia n\u00e3o ser\u00e3o cobradas<\/p>\n<p style=\"text-align: center;\">Os pagamentos s\u00e3o feitos por transfer\u00eancia banc\u00e1ria ou PayPal<\/p>\n\n\t\t<\/div>\n\t<\/div>\n<\/div><\/div><\/div><div class=\"wpb_column vc_column_container vc_col-sm-3\"><div class=\"vc_column-inner\"><div class=\"wpb_wrapper\"><\/div><\/div><\/div><\/div><div class=\"vc_row wpb_row vc_row-fluid\"><div class=\"wpb_column vc_column_container vc_col-sm-12\"><div class=\"vc_column-inner\"><div class=\"wpb_wrapper\">\n\t<div class=\"wpb_text_column wpb_content_element\" >\n\t\t<div class=\"wpb_wrapper\">\n\t\t\t\n\t\t<\/div>\n\t<\/div>\n<\/div><\/div><\/div><\/div>\n<\/div>","protected":false},"excerpt":{"rendered":"Fees IN-PERSON COUPLE SESSION (75 minutes) 134.00\u20ac ONLINE COUPLE SESSION (60 minutes) 107.00\u20ac Free 15-minute initial call IN-PERSON OR ONLINE...","protected":false},"author":39,"featured_media":0,"parent":0,"menu_order":0,"comment_status":"closed","ping_status":"closed","template":"","meta":{"footnotes":""},"simple-restrict-permission":[],"class_list":["post-3651","page","type-page","status-publish","hentry"],"_links":{"self":[{"href":"https:\/\/rochaijzerman.io\/pt\/wp-json\/wp\/v2\/pages\/3651","targetHints":{"allow":["GET"]}}],"collection":[{"href":"https:\/\/rochaijzerman.io\/pt\/wp-json\/wp\/v2\/pages"}],"about":[{"href":"https:\/\/rochaijzerman.io\/pt\/wp-json\/wp\/v2\/types\/page"}],"author":[{"embeddable":true,"href":"https:\/\/rochaijzerman.io\/pt\/wp-json\/wp\/v2\/users\/39"}],"replies":[{"embeddable":true,"href":"https:\/\/rochaijzerman.io\/pt\/wp-json\/wp\/v2\/comments?post=3651"}],"version-history":[{"count":15,"href":"https:\/\/rochaijzerman.io\/pt\/wp-json\/wp\/v2\/pages\/3651\/revisions"}],"predecessor-version":[{"id":4894,"href":"https:\/\/rochaijzerman.io\/pt\/wp-json\/wp\/v2\/pages\/3651\/revisions\/4894"}],"wp:attachment":[{"href":"https:\/\/rochaijzerman.io\/pt\/wp-json\/wp\/v2\/media?parent=3651"}],"wp:term":[{"taxonomy":"simple-restrict-permission","embeddable":true,"href":"https:\/\/rochaijzerman.io\/pt\/wp-json\/wp\/v2\/simple-restrict-permission?post=3651"}],"curies":[{"name":"wp","href":"https:\/\/api.w.org\/{rel}","templated":true}]}}