{"id":2088,"date":"2016-04-11T18:34:47","date_gmt":"2016-04-11T16:34:47","guid":{"rendered":"http:\/\/collective.kubistudio.com\/vdemo\/?page_id=2088"},"modified":"2021-01-28T23:50:53","modified_gmt":"2021-01-28T22:50:53","slug":"blog","status":"publish","type":"page","link":"https:\/\/rochaijzerman.io\/pt\/blog\/","title":{"rendered":"Blog"},"content":{"rendered":"<div class=\"wpb-content-wrapper\"><div class=\"vc_row wpb_row vc_row-fluid\"><div class=\"wpb_column vc_column_container vc_col-sm-12\"><div class=\"vc_column-inner\"><div class=\"wpb_wrapper\"><div class=\"blog-masonry row\" id=\"blog-items\"><div class=\"masonry-item col-md-4\">\n\t\t\t\t\t\t\t\t\t\t\t\t\t\t\t\t<div class=\"blog-masonry-item\">\n\t\t\t\t\t\t\t\t\t\t\t\t\t\t\t\t\t<a href=\"https:\/\/rochaijzerman.io\/pt\/including-significant-other-to-individual-therapy-sessions\/\">\n\t\t\t\t\t\t\t\t\t\t\t\t\t\t\t\t\t\t<div class=\"overlay-container\">\n\t\t\t\t\t\t\t\t\t\t\t\t\t\t\t\t\t\t<div class=\"overlay overlay-blog-masonry-item\"><\/div>\n\t\t\t\t\t\t\t\t\t\t\t\t\t\t\t\t\t\t\t<img decoding=\"async\" src=\"https:\/\/rochaijzerman.io\/wp-content\/uploads\/2021\/01\/couple-holding-hands-800x450.jpg\" alt=\"alt\"\/>\n\t\t\t\t\t\t\t\t\t\t\t\t\t\t\t\t\t\t<\/div>\n\t\t\t\t\t\t\t\t\t\t\t\t\t\t\t\t\t<\/a>\n\t\t\t\t\t\t\t\t\t\t\t\t\t\t\t\t\t<div class=\"blog-item-content\">\n\t\t\t\t\t\t\t\t\t\t\t\t\t\t\t\t\t\t<div class=\"post-details\">\n\t\t\t\t\t\t\t\t\t\t\t\t\t\t\t\t\t\t\t<p>Sa\u00fade Terapia individual Relacionamentos \/ janeiro 2021<\/p>\n\t\t\t\t\t\t\t\t\t\t\t\t\t\t\t\t\t\t\t<h4 class=\"text-normal\"><a href=\"https:\/\/rochaijzerman.io\/pt\/including-significant-other-to-individual-therapy-sessions\/\">Incluindo pessoas significativas em sess\u00f5es de terapia individual<\/a><\/h4>\n\t\t\t\t\t\t\t\t\t\t\t\t\t\t\t\t\t\t<\/div>\n\t\t\t\t\t\t\t\t\t\t\t\t\t\t\t\t\t\t<a href=\"https:\/\/rochaijzerman.io\/pt\/including-significant-other-to-individual-therapy-sessions\/\">\n\t\t\t\t\t\t\t\t\t\t\t\t\t\t\t\t\t\t\t<p>Regularmente eu leio um artigo que gosto e que considero relevante para a psicoterapia.Eu o resumo e...<\/p>\n\t\t\t\t\t\t\t\t\t\t\t\t\t\t\t\t\t\t<\/a>\n\t\t\t\t\t\t\t\t\t\t\t\t\t\t\t\t\t<\/div>\n\t\t\t\t\t\t\t\t\t\t\t\t\t\t\t\t<\/div>\n\t\t\t\t\t\t\t\t\t\t\t\t\t\t\t<\/div><div class=\"masonry-item col-md-4\">\n\t\t\t\t\t\t\t\t\t\t\t\t\t\t\t\t<div class=\"blog-masonry-item\">\n\t\t\t\t\t\t\t\t\t\t\t\t\t\t\t\t\t<a href=\"https:\/\/rochaijzerman.io\/pt\/online-externship-maceio-brazil-new\/\">\n\t\t\t\t\t\t\t\t\t\t\t\t\t\t\t\t\t\t<div class=\"overlay-container\">\n\t\t\t\t\t\t\t\t\t\t\t\t\t\t\t\t\t\t<div class=\"overlay overlay-blog-masonry-item\"><\/div>\n\t\t\t\t\t\t\t\t\t\t\t\t\t\t\t\t\t\t\t<img decoding=\"async\" src=\"https:\/\/rochaijzerman.io\/wp-content\/uploads\/2021\/01\/foto-helpers-EFT-externshio-Maceio-janeiro-2021-1.png\" alt=\"alt\"\/>\n\t\t\t\t\t\t\t\t\t\t\t\t\t\t\t\t\t\t<\/div>\n\t\t\t\t\t\t\t\t\t\t\t\t\t\t\t\t\t<\/a>\n\t\t\t\t\t\t\t\t\t\t\t\t\t\t\t\t\t<div class=\"blog-item-content\">\n\t\t\t\t\t\t\t\t\t\t\t\t\t\t\t\t\t\t<div class=\"post-details\">\n\t\t\t\t\t\t\t\t\t\t\t\t\t\t\t\t\t\t\t<p>Terapia Focada nas Emo\u00e7\u00f5es Forma\u00e7\u00e3o \/ janeiro 2021<\/p>\n\t\t\t\t\t\t\t\t\t\t\t\t\t\t\t\t\t\t\t<h4 class=\"text-normal\"><a href=\"https:\/\/rochaijzerman.io\/pt\/online-externship-maceio-brazil-new\/\">Externship Online Macei\u00f3 (Brasil)<\/a><\/h4>\n\t\t\t\t\t\t\t\t\t\t\t\t\t\t\t\t\t\t<\/div>\n\t\t\t\t\t\t\t\t\t\t\t\t\t\t\t\t\t\t<a href=\"https:\/\/rochaijzerman.io\/pt\/online-externship-maceio-brazil-new\/\">\n\t\t\t\t\t\t\t\t\t\t\t\t\t\t\t\t\t\t\t<p>O Externship Online Macei\u00f3 (Brasil) foi um treinamento introdut\u00f3rio de 6 dias sobre a Terapia Focada nas Emo\u00e7\u00f5es (EFT). Durante esses 6 dias, os participantes aprenderam sobre...<\/p>\n\t\t\t\t\t\t\t\t\t\t\t\t\t\t\t\t\t\t<\/a>\n\t\t\t\t\t\t\t\t\t\t\t\t\t\t\t\t\t<\/div>\n\t\t\t\t\t\t\t\t\t\t\t\t\t\t\t\t<\/div>\n\t\t\t\t\t\t\t\t\t\t\t\t\t\t\t<\/div><div class=\"masonry-item col-md-4\">\n\t\t\t\t\t\t\t\t\t\t\t\t\t\t\t\t<div class=\"blog-masonry-item\">\n\t\t\t\t\t\t\t\t\t\t\t\t\t\t\t\t\t<a href=\"https:\/\/rochaijzerman.io\/pt\/eft-france-association-and-eft-communities-around-the-world\/\">\n\t\t\t\t\t\t\t\t\t\t\t\t\t\t\t\t\t\t<div class=\"overlay-container\">\n\t\t\t\t\t\t\t\t\t\t\t\t\t\t\t\t\t\t<div class=\"overlay overlay-blog-masonry-item\"><\/div>\n\t\t\t\t\t\t\t\t\t\t\t\t\t\t\t\t\t\t\t<img decoding=\"async\" src=\"https:\/\/rochaijzerman.io\/wp-content\/uploads\/2021\/02\/EFT-France-Association-logo.png\" alt=\"alt\"\/>\n\t\t\t\t\t\t\t\t\t\t\t\t\t\t\t\t\t\t<\/div>\n\t\t\t\t\t\t\t\t\t\t\t\t\t\t\t\t\t<\/a>\n\t\t\t\t\t\t\t\t\t\t\t\t\t\t\t\t\t<div class=\"blog-item-content\">\n\t\t\t\t\t\t\t\t\t\t\t\t\t\t\t\t\t\t<div class=\"post-details\">\n\t\t\t\t\t\t\t\t\t\t\t\t\t\t\t\t\t\t\t<p>Terapia Focada nas Emo\u00e7\u00f5es \/ fevereiro 2021<\/p>\n\t\t\t\t\t\t\t\t\t\t\t\t\t\t\t\t\t\t\t<h4 class=\"text-normal\"><a href=\"https:\/\/rochaijzerman.io\/pt\/eft-france-association-and-eft-communities-around-the-world\/\">EFT France Association e comunidades EFT ao redor do mundo<\/a><\/h4>\n\t\t\t\t\t\t\t\t\t\t\t\t\t\t\t\t\t\t<\/div>\n\t\t\t\t\t\t\t\t\t\t\t\t\t\t\t\t\t\t<a href=\"https:\/\/rochaijzerman.io\/pt\/eft-france-association-and-eft-communities-around-the-world\/\">\n\t\t\t\t\t\t\t\t\t\t\t\t\t\t\t\t\t\t\t<p>Este m\u00eas me tornei membro da EFT France, uma organiza\u00e7\u00e3o sem fins lucrativos que promove a Terapia Focada nas Emo\u00e7\u00f5es na Fran\u00e7a...<\/p>\n\t\t\t\t\t\t\t\t\t\t\t\t\t\t\t\t\t\t<\/a>\n\t\t\t\t\t\t\t\t\t\t\t\t\t\t\t\t\t<\/div>\n\t\t\t\t\t\t\t\t\t\t\t\t\t\t\t\t<\/div>\n\t\t\t\t\t\t\t\t\t\t\t\t\t\t\t<\/div><div class=\"masonry-item col-md-4\">\n\t\t\t\t\t\t\t\t\t\t\t\t\t\t\t\t<div class=\"blog-masonry-item\">\n\t\t\t\t\t\t\t\t\t\t\t\t\t\t\t\t\t<a href=\"https:\/\/rochaijzerman.io\/pt\/improving-social-connection-through-therapy-a-way-to-well-being-and-better-health\/\">\n\t\t\t\t\t\t\t\t\t\t\t\t\t\t\t\t\t\t<div class=\"overlay-container\">\n\t\t\t\t\t\t\t\t\t\t\t\t\t\t\t\t\t\t<div class=\"overlay overlay-blog-masonry-item\"><\/div>\n\t\t\t\t\t\t\t\t\t\t\t\t\t\t\t\t\t\t\t<img decoding=\"async\" src=\"https:\/\/rochaijzerman.io\/wp-content\/uploads\/2021\/02\/pexels-gabby-k-5876503-800x450.jpg\" alt=\"alt\"\/>\n\t\t\t\t\t\t\t\t\t\t\t\t\t\t\t\t\t\t<\/div>\n\t\t\t\t\t\t\t\t\t\t\t\t\t\t\t\t\t<\/a>\n\t\t\t\t\t\t\t\t\t\t\t\t\t\t\t\t\t<div class=\"blog-item-content\">\n\t\t\t\t\t\t\t\t\t\t\t\t\t\t\t\t\t\t<div class=\"post-details\">\n\t\t\t\t\t\t\t\t\t\t\t\t\t\t\t\t\t\t\t<p>Terapia Focada nas Emo\u00e7\u00f5es Sa\u00fade Sa\u00fade mental Relacionamentos \/ fevereiro 2021<\/p>\n\t\t\t\t\t\t\t\t\t\t\t\t\t\t\t\t\t\t\t<h4 class=\"text-normal\"><a href=\"https:\/\/rochaijzerman.io\/pt\/improving-social-connection-through-therapy-a-way-to-well-being-and-better-health\/\">Melhora da conex\u00e3o social atrav\u00e9s da terapia - um caminho para o bem-estar e uma sa\u00fade melhor<\/a><\/h4>\n\t\t\t\t\t\t\t\t\t\t\t\t\t\t\t\t\t\t<\/div>\n\t\t\t\t\t\t\t\t\t\t\t\t\t\t\t\t\t\t<a href=\"https:\/\/rochaijzerman.io\/pt\/improving-social-connection-through-therapy-a-way-to-well-being-and-better-health\/\">\n\t\t\t\t\t\t\t\t\t\t\t\t\t\t\t\t\t\t\t<p>Regularmente eu leio um artigo que gosto e que considero relevante para a psicoterapia.Eu o resumo e...<\/p>\n\t\t\t\t\t\t\t\t\t\t\t\t\t\t\t\t\t\t<\/a>\n\t\t\t\t\t\t\t\t\t\t\t\t\t\t\t\t\t<\/div>\n\t\t\t\t\t\t\t\t\t\t\t\t\t\t\t\t<\/div>\n\t\t\t\t\t\t\t\t\t\t\t\t\t\t\t<\/div><div class=\"masonry-item col-md-4\">\n\t\t\t\t\t\t\t\t\t\t\t\t\t\t\t\t<div class=\"blog-masonry-item\">\n\t\t\t\t\t\t\t\t\t\t\t\t\t\t\t\t\t<a href=\"https:\/\/rochaijzerman.io\/pt\/how-can-we-treat-depression\/\">\n\t\t\t\t\t\t\t\t\t\t\t\t\t\t\t\t\t\t<div class=\"overlay-container\">\n\t\t\t\t\t\t\t\t\t\t\t\t\t\t\t\t\t\t<div class=\"overlay overlay-blog-masonry-item\"><\/div>\n\t\t\t\t\t\t\t\t\t\t\t\t\t\t\t\t\t\t\t<img decoding=\"async\" src=\"https:\/\/rochaijzerman.io\/wp-content\/uploads\/2021\/03\/picture-blog-depression-800x450.png\" alt=\"alt\"\/>\n\t\t\t\t\t\t\t\t\t\t\t\t\t\t\t\t\t\t<\/div>\n\t\t\t\t\t\t\t\t\t\t\t\t\t\t\t\t\t<\/a>\n\t\t\t\t\t\t\t\t\t\t\t\t\t\t\t\t\t<div class=\"blog-item-content\">\n\t\t\t\t\t\t\t\t\t\t\t\t\t\t\t\t\t\t<div class=\"post-details\">\n\t\t\t\t\t\t\t\t\t\t\t\t\t\t\t\t\t\t\t<p>Depress\u00e3o Terapia individual Sa\u00fade mental \/ mar\u00e7o 2021<\/p>\n\t\t\t\t\t\t\t\t\t\t\t\t\t\t\t\t\t\t\t<h4 class=\"text-normal\"><a href=\"https:\/\/rochaijzerman.io\/pt\/how-can-we-treat-depression\/\">Como podemos tratar a depress\u00e3o?<\/a><\/h4>\n\t\t\t\t\t\t\t\t\t\t\t\t\t\t\t\t\t\t<\/div>\n\t\t\t\t\t\t\t\t\t\t\t\t\t\t\t\t\t\t<a href=\"https:\/\/rochaijzerman.io\/pt\/how-can-we-treat-depression\/\">\n\t\t\t\t\t\t\t\t\t\t\t\t\t\t\t\t\t\t\t<p>Regularmente eu leio um artigo que gosto e que considero relevante para a psicoterapia.Eu o resumo e...<\/p>\n\t\t\t\t\t\t\t\t\t\t\t\t\t\t\t\t\t\t<\/a>\n\t\t\t\t\t\t\t\t\t\t\t\t\t\t\t\t\t<\/div>\n\t\t\t\t\t\t\t\t\t\t\t\t\t\t\t\t<\/div>\n\t\t\t\t\t\t\t\t\t\t\t\t\t\t\t<\/div><div class=\"masonry-item col-md-4\">\n\t\t\t\t\t\t\t\t\t\t\t\t\t\t\t\t<div class=\"blog-masonry-item\">\n\t\t\t\t\t\t\t\t\t\t\t\t\t\t\t\t\t<a href=\"https:\/\/rochaijzerman.io\/pt\/how-does-face-to-face-therapy-compare-to-online-therapy\/\">\n\t\t\t\t\t\t\t\t\t\t\t\t\t\t\t\t\t\t<div class=\"overlay-container\">\n\t\t\t\t\t\t\t\t\t\t\t\t\t\t\t\t\t\t<div class=\"overlay overlay-blog-masonry-item\"><\/div>\n\t\t\t\t\t\t\t\t\t\t\t\t\t\t\t\t\t\t\t<img decoding=\"async\" src=\"https:\/\/rochaijzerman.io\/wp-content\/uploads\/2021\/04\/pexels-cottonbro-4065624-800x450.jpg\" alt=\"alt\"\/>\n\t\t\t\t\t\t\t\t\t\t\t\t\t\t\t\t\t\t<\/div>\n\t\t\t\t\t\t\t\t\t\t\t\t\t\t\t\t\t<\/a>\n\t\t\t\t\t\t\t\t\t\t\t\t\t\t\t\t\t<div class=\"blog-item-content\">\n\t\t\t\t\t\t\t\t\t\t\t\t\t\t\t\t\t\t<div class=\"post-details\">\n\t\t\t\t\t\t\t\t\t\t\t\t\t\t\t\t\t\t\t<p>Terapia Cognitivo-Comportamental Psicoterapia Sa\u00fade Mental \/ abril 2021<\/p>\n\t\t\t\t\t\t\t\t\t\t\t\t\t\t\t\t\t\t\t<h4 class=\"text-normal\"><a href=\"https:\/\/rochaijzerman.io\/pt\/how-does-face-to-face-therapy-compare-to-online-therapy\/\">Podemos comparar a terapia presencial com a terapia online?<\/a><\/h4>\n\t\t\t\t\t\t\t\t\t\t\t\t\t\t\t\t\t\t<\/div>\n\t\t\t\t\t\t\t\t\t\t\t\t\t\t\t\t\t\t<a href=\"https:\/\/rochaijzerman.io\/pt\/how-does-face-to-face-therapy-compare-to-online-therapy\/\">\n\t\t\t\t\t\t\t\t\t\t\t\t\t\t\t\t\t\t\t<p>Voc\u00ea est\u00e1 se perguntando se a terapia online funciona? Para algumas pessoas a id\u00e9ia de conversar com um terapeuta por video-chamada...<\/p>\n\t\t\t\t\t\t\t\t\t\t\t\t\t\t\t\t\t\t<\/a>\n\t\t\t\t\t\t\t\t\t\t\t\t\t\t\t\t\t<\/div>\n\t\t\t\t\t\t\t\t\t\t\t\t\t\t\t\t<\/div>\n\t\t\t\t\t\t\t\t\t\t\t\t\t\t\t<\/div><div class=\"masonry-item col-md-4\">\n\t\t\t\t\t\t\t\t\t\t\t\t\t\t\t\t<div class=\"blog-masonry-item\">\n\t\t\t\t\t\t\t\t\t\t\t\t\t\t\t\t\t<a href=\"https:\/\/rochaijzerman.io\/pt\/what-helps-us-to-share-our-emotions\/\">\n\t\t\t\t\t\t\t\t\t\t\t\t\t\t\t\t\t\t<div class=\"overlay-container\">\n\t\t\t\t\t\t\t\t\t\t\t\t\t\t\t\t\t\t<div class=\"overlay overlay-blog-masonry-item\"><\/div>\n\t\t\t\t\t\t\t\t\t\t\t\t\t\t\t\t\t\t\t<img decoding=\"async\" src=\"https:\/\/rochaijzerman.io\/wp-content\/uploads\/2021\/04\/what-helps-us-to-share-our-emotions-blog-post-image-800x450.jpg\" alt=\"alt\"\/>\n\t\t\t\t\t\t\t\t\t\t\t\t\t\t\t\t\t\t<\/div>\n\t\t\t\t\t\t\t\t\t\t\t\t\t\t\t\t\t<\/a>\n\t\t\t\t\t\t\t\t\t\t\t\t\t\t\t\t\t<div class=\"blog-item-content\">\n\t\t\t\t\t\t\t\t\t\t\t\t\t\t\t\t\t\t<div class=\"post-details\">\n\t\t\t\t\t\t\t\t\t\t\t\t\t\t\t\t\t\t\t<p>Terapia de casal Terapia Focada nas Emo\u00e7\u00f5es Sa\u00fade mental Psicoterapia Relacionamentos \/ abril 2021<\/p>\n\t\t\t\t\t\t\t\t\t\t\t\t\t\t\t\t\t\t\t<h4 class=\"text-normal\"><a href=\"https:\/\/rochaijzerman.io\/pt\/what-helps-us-to-share-our-emotions\/\">O que nos ajuda a compartilhar nossas emo\u00e7\u00f5es<\/a><\/h4>\n\t\t\t\t\t\t\t\t\t\t\t\t\t\t\t\t\t\t<\/div>\n\t\t\t\t\t\t\t\t\t\t\t\t\t\t\t\t\t\t<a href=\"https:\/\/rochaijzerman.io\/pt\/what-helps-us-to-share-our-emotions\/\">\n\t\t\t\t\t\t\t\t\t\t\t\t\t\t\t\t\t\t\t<p>Regularmente eu leio um artigo que gosto e que considero relevante para a psicoterapia.Eu o resumo e...<\/p>\n\t\t\t\t\t\t\t\t\t\t\t\t\t\t\t\t\t\t<\/a>\n\t\t\t\t\t\t\t\t\t\t\t\t\t\t\t\t\t<\/div>\n\t\t\t\t\t\t\t\t\t\t\t\t\t\t\t\t<\/div>\n\t\t\t\t\t\t\t\t\t\t\t\t\t\t\t<\/div><div class=\"masonry-item col-md-4\">\n\t\t\t\t\t\t\t\t\t\t\t\t\t\t\t\t<div class=\"blog-masonry-item\">\n\t\t\t\t\t\t\t\t\t\t\t\t\t\t\t\t\t<a href=\"https:\/\/rochaijzerman.io\/pt\/kama-muta-the-emotion-of-being-moved-by-love\/\">\n\t\t\t\t\t\t\t\t\t\t\t\t\t\t\t\t\t\t<div class=\"overlay-container\">\n\t\t\t\t\t\t\t\t\t\t\t\t\t\t\t\t\t\t<div class=\"overlay overlay-blog-masonry-item\"><\/div>\n\t\t\t\t\t\t\t\t\t\t\t\t\t\t\t\t\t\t\t<img decoding=\"async\" src=\"https:\/\/rochaijzerman.io\/wp-content\/uploads\/2021\/05\/photo-for-May-blog-post-800x450.png\" alt=\"alt\"\/>\n\t\t\t\t\t\t\t\t\t\t\t\t\t\t\t\t\t\t<\/div>\n\t\t\t\t\t\t\t\t\t\t\t\t\t\t\t\t\t<\/a>\n\t\t\t\t\t\t\t\t\t\t\t\t\t\t\t\t\t<div class=\"blog-item-content\">\n\t\t\t\t\t\t\t\t\t\t\t\t\t\t\t\t\t\t<div class=\"post-details\">\n\t\t\t\t\t\t\t\t\t\t\t\t\t\t\t\t\t\t\t<p>Terapia de casal Emo\u00e7\u00e3o Terapia individual Relacionamentos \/ maio 2021<\/p>\n\t\t\t\t\t\t\t\t\t\t\t\t\t\t\t\t\t\t\t<h4 class=\"text-normal\"><a href=\"https:\/\/rochaijzerman.io\/pt\/kama-muta-the-emotion-of-being-moved-by-love\/\">Kama muta - a emo\u00e7\u00e3o de ser movido pelo amor<\/a><\/h4>\n\t\t\t\t\t\t\t\t\t\t\t\t\t\t\t\t\t\t<\/div>\n\t\t\t\t\t\t\t\t\t\t\t\t\t\t\t\t\t\t<a href=\"https:\/\/rochaijzerman.io\/pt\/kama-muta-the-emotion-of-being-moved-by-love\/\">\n\t\t\t\t\t\t\t\t\t\t\t\t\t\t\t\t\t\t\t<p>Regularmente eu leio um artigo que gosto e que considero relevante para a psicoterapia.Eu o resumo e...<\/p>\n\t\t\t\t\t\t\t\t\t\t\t\t\t\t\t\t\t\t<\/a>\n\t\t\t\t\t\t\t\t\t\t\t\t\t\t\t\t\t<\/div>\n\t\t\t\t\t\t\t\t\t\t\t\t\t\t\t\t<\/div>\n\t\t\t\t\t\t\t\t\t\t\t\t\t\t\t<\/div><div class=\"masonry-item col-md-4\">\n\t\t\t\t\t\t\t\t\t\t\t\t\t\t\t\t<div class=\"blog-masonry-item\">\n\t\t\t\t\t\t\t\t\t\t\t\t\t\t\t\t\t<a href=\"https:\/\/rochaijzerman.io\/pt\/what-if-intolerance-of-uncertainty\/\">\n\t\t\t\t\t\t\t\t\t\t\t\t\t\t\t\t\t\t<div class=\"overlay-container\">\n\t\t\t\t\t\t\t\t\t\t\t\t\t\t\t\t\t\t<div class=\"overlay overlay-blog-masonry-item\"><\/div>\n\t\t\t\t\t\t\t\t\t\t\t\t\t\t\t\t\t\t\t<img decoding=\"async\" src=\"https:\/\/rochaijzerman.io\/wp-content\/uploads\/2021\/07\/pexels-andrew-neel-5255996-800x450.jpg\" alt=\"alt\"\/>\n\t\t\t\t\t\t\t\t\t\t\t\t\t\t\t\t\t\t<\/div>\n\t\t\t\t\t\t\t\t\t\t\t\t\t\t\t\t\t<\/a>\n\t\t\t\t\t\t\t\t\t\t\t\t\t\t\t\t\t<div class=\"blog-item-content\">\n\t\t\t\t\t\t\t\t\t\t\t\t\t\t\t\t\t\t<div class=\"post-details\">\n\t\t\t\t\t\t\t\t\t\t\t\t\t\t\t\t\t\t\t<p>Terapia Cognitivo-Comportamental Terapia Individual Psicoterapia \/ julho 2021<\/p>\n\t\t\t\t\t\t\t\t\t\t\t\t\t\t\t\t\t\t\t<h4 class=\"text-normal\"><a href=\"https:\/\/rochaijzerman.io\/pt\/what-if-intolerance-of-uncertainty\/\">E se...? A Intoler\u00e2ncia da Incerteza<\/a><\/h4>\n\t\t\t\t\t\t\t\t\t\t\t\t\t\t\t\t\t\t<\/div>\n\t\t\t\t\t\t\t\t\t\t\t\t\t\t\t\t\t\t<a href=\"https:\/\/rochaijzerman.io\/pt\/what-if-intolerance-of-uncertainty\/\">\n\t\t\t\t\t\t\t\t\t\t\t\t\t\t\t\t\t\t\t<p>Regularmente eu leio um artigo que gosto e que considero relevante para a psicoterapia.Eu o resumo e...<\/p>\n\t\t\t\t\t\t\t\t\t\t\t\t\t\t\t\t\t\t<\/a>\n\t\t\t\t\t\t\t\t\t\t\t\t\t\t\t\t\t<\/div>\n\t\t\t\t\t\t\t\t\t\t\t\t\t\t\t\t<\/div>\n\t\t\t\t\t\t\t\t\t\t\t\t\t\t\t<\/div><\/div><script>\n\t\t\t\t\t\t\t\t\tvar blog_page = parseInt(\"1\");\n\t\t\t\t\t\t\t\t\tvar blog_last_page = parseInt(1);\n\t\t\t\t\t\t\t\t\tvar blog_masonry = true;\n\t\t\t\t\t\t\t\t\tvar post_categories = \"\";\n\t\t\t\t\t\t\t\t\tvar grid_elements = \"4\";\n\t\t\t\t\t\t\t\t\tvar orderby = \"date\";\n\t\t\t\t\t\t\t\t\tvar sorting = \"ASC\";\n\t\t\t\t\t\t\t\t<\/script><\/div><\/div><\/div><\/div>\n<\/div>","protected":false},"excerpt":{"rendered":"Regularmente eu leio um artigo que gosto e que considero relevante para a psicoterapia.Eu o resumo e...","protected":false},"author":39,"featured_media":0,"parent":0,"menu_order":0,"comment_status":"closed","ping_status":"closed","template":"","meta":{"footnotes":""},"simple-restrict-permission":[],"class_list":["post-2088","page","type-page","status-publish","hentry"],"_links":{"self":[{"href":"https:\/\/rochaijzerman.io\/pt\/wp-json\/wp\/v2\/pages\/2088","targetHints":{"allow":["GET"]}}],"collection":[{"href":"https:\/\/rochaijzerman.io\/pt\/wp-json\/wp\/v2\/pages"}],"about":[{"href":"https:\/\/rochaijzerman.io\/pt\/wp-json\/wp\/v2\/types\/page"}],"author":[{"embeddable":true,"href":"https:\/\/rochaijzerman.io\/pt\/wp-json\/wp\/v2\/users\/39"}],"replies":[{"embeddable":true,"href":"https:\/\/rochaijzerman.io\/pt\/wp-json\/wp\/v2\/comments?post=2088"}],"version-history":[{"count":5,"href":"https:\/\/rochaijzerman.io\/pt\/wp-json\/wp\/v2\/pages\/2088\/revisions"}],"predecessor-version":[{"id":4704,"href":"https:\/\/rochaijzerman.io\/pt\/wp-json\/wp\/v2\/pages\/2088\/revisions\/4704"}],"wp:attachment":[{"href":"https:\/\/rochaijzerman.io\/pt\/wp-json\/wp\/v2\/media?parent=2088"}],"wp:term":[{"taxonomy":"simple-restrict-permission","embeddable":true,"href":"https:\/\/rochaijzerman.io\/pt\/wp-json\/wp\/v2\/simple-restrict-permission?post=2088"}],"curies":[{"name":"wp","href":"https:\/\/api.w.org\/{rel}","templated":true}]}}