{"id":1580,"date":"2016-03-14T12:24:10","date_gmt":"2016-03-14T11:24:10","guid":{"rendered":"http:\/\/collective.kubistudio.com\/vdemo\/?page_id=1580"},"modified":"2021-09-21T11:12:48","modified_gmt":"2021-09-21T09:12:48","slug":"home","status":"publish","type":"page","link":"https:\/\/rochaijzerman.io\/pt\/","title":{"rendered":"P\u00e1gina inicial"},"content":{"rendered":"<div class=\"wpb-content-wrapper\"><div class=\"vc_row wpb_row vc_row-fluid\"><div class=\"wpb_column vc_column_container vc_col-sm-12\"><div class=\"vc_column-inner\"><div class=\"wpb_wrapper\"><div class=\"royal-slider-container about-me-slider\" style=\"height: 700px;\">\n\t\t\t\t\t\t\t\t<div class=\"royal-slider\" data-royal-slider data-royal-slider-options='{\t\t\t\t\t\t\t\t\t\"keyboardNavEnabled\": true,\t\t\t\t\t\t\t\t\t\"imageScaleMode\": \"fill\",\t\t\t\t\t\t\t\t\t\"loop\": true,\t\t\t\t\t\t\t\t\t\"controlNavigation\": \"none\",\t\t\t\t\t\t\t \t\t\"transitionType\": \"fade\",\t\t\t\t\t\t\t\t\t\"arrowsNav\": false,\t\t\t\t\t\t\t\t\t\"deeplinking\": {\t\t\t\t\t\t\t    \t\t\"enabled\": true,\t\t\t\t\t\t\t    \t\t\"prefix\": \"person-\"\t\t\t\t\t\t\t    \t},\t\t\t\t\t\t\t\t\t\"autoScaleSlider\":false,\t\t\t\t\t\t\t\t\t\t\"autoPlay\": {\t\t\t\t\t\t\t    \t\t\t\"enabled\": false,\t\t\t\t\t\t\t    \t\t\t\"pauseOnHover\": false,\t\t\t\t\t\t\t    \t\t\t\"delay\": 8000    \t\t\t\t\t\t\t\t    \t\t},\t\t\t\t\t\t    \t\t\t\"autoHeight\": false\t\t\t\t\t\t\t\t\t,\"thumbs\": {\t\t\t\t\t\t\t    \t\t\"spacing\": 10,\t\t\t\t\t\t\t    \t\t\"arrowsAutoHide\": true,\t\t\t\t\t\t\t    \t\t\"fitInViewport\": false\t\t\t\t\t\t\t    \t}\t\t\t\t\t\t\t\t}'><div class=\"royal-slider-slide right\">\n\t\t\t\t\t\t\t\t<div>\n\t\t\t\t\t\t\t\t\t<img decoding=\"async\" class=\"rsImg\" src=\"https:\/\/rochaijzerman.io\/wp-content\/uploads\/2019\/10\/daniela_home_page.png\" alt=\"alt\" data-rstmb=\"\" \/>\n\t\t\t\t\t\t\t\t\t<div class=\"animation-block\"><div class=\"col-md-6 about-me-content\"><\/div>\t\t\t<div class=\"col-md-6 about-me-content\">\n\t\t\t\t\t\t\t\t\t\t\t<div class=\"rsABlock\" data-move-effect=\"none\" data-customscrollbar1 data-customscrollbaroptions='{\"scrollInertia\": 10, \"theme\": \"minimal-dark\"}'>\n\t\t\t\t\t\t\t\t\t\t\t\t<div class=\"vertical-center2-container\">\n\t\t\t\t\t\t\t\t\t\t\t\t\t<div class=\"vertical-center2-content\">\n\t\t\t\t\t\t\t\t\t\t\t\t\t\t<div class=\"author-name-title\">\n\t\t\t\t\t\t\t\t\t\t\t\t\t\t\t<h1 style=\"color: #ffffff;\">DANIELA ROCHA IJZERMAN<\/h1>\n\t\t\t\t\t\t\t\t\t\t\t\t\t\t\t<h2 style=\"color: #999999;\">Terapeuta individual e de casal em ingl\u00eas e portugu\u00eas<\/h2>\n\t\t\t\t\t\t\t\t\t\t\t\t\t\t<\/div>\n<p style=\"text-align: left;\"><span style=\"font-weight: 400;\">Bem-vindo!<\/span><\/p>\n<p style=\"text-align: justify;\"><span style=\"font-weight: 400;\">Are you an expat experiencing difficulties? Are you looking for a therapist who can help you past difficult experiences in your life? And do you want to get through this in English or Portuguese? Or are you not in the area but looking for online therapy? I am an individual and couples therapist and I see clients during online or in-person sessions in Portuguese or English.<\/span><\/p>\n<p style=\"text-align: left;\"><span style=\"font-weight: 400;\">Meu objetivo \u00e9 ajud\u00e1-lo a desenvolver maior seguran\u00e7a, confian\u00e7a e envolvimento consigo mesmo e com os outros. Meu objetivo \u00e9 ajud\u00e1-lo a explorar novas possibilidades de lidar consigo mesmo, com os outros e com as situa\u00e7\u00f5es em sua vida, para que voc\u00ea possa experimentar maior equil\u00edbrio emocional, mais sentido em sua vida e em seus relacionamentos.<\/span><\/p>\n<p style=\"text-align: justify;\"><span style=\"font-weight: 400;\">Para clientes interessados em fazer terapia presencial, eu atendo em Veyrier-du-Lac (Fran\u00e7a). Para clientes que est\u00e3o longe deste local, eu tenho mais de cinco anos de experi\u00eancia em terapia online. Se voc\u00ea estiver procurando um terapeuta para ajud\u00e1-lo em quest\u00f5es como ansiedade, estresse, depress\u00e3o, inseguran\u00e7a ou problemas em seus relacionamentos, n\u00e3o hesite em entrar em contato comigo. Quero ajud\u00e1-lo a superar suas dificuldades e quero ajud\u00e1-lo a se desenvolver para obter maior satisfa\u00e7\u00e3o em sua vida e em seus relacionamentos.\u00a0<\/span><\/p>\n<p>\n\t\t\t\t\t\t\t\t\t\t\t\t\t<\/div>\n\t\t\t\t\t\t\t\t\t\t\t\t<\/div>\n\t\t\t\t\t\t\t\t\t\t\t<\/div>\n\t\t\t\t\t\t\t\t\t\t<\/div>\t\t<\/div>\n\t\t\t\t\t\t\t\t<\/div>\n\t\t\t\t\t\t\t<\/div>\n\t\t\t\t\t\t\t\t<\/div>\n\t\t\t\t\t\t\t\t<nav class=\"side style-1\">\n\t\t\t\t\t\t\t\t\t<div class=\"prev\">\n\t\t\t\t\t\t\t\t\t\t<i class=\"fa fa-angle-left fa-vertical-center\"><\/i>\n\t\t\t\t\t\t\t\t\t<\/div>\n\t\t\t\t\t\t\t\t\t<div class=\"next\">\n\t\t\t\t\t\t\t\t\t\t<i class=\"fa fa-angle-right fa-vertical-center\"><\/i>\n\t\t\t\t\t\t\t\t\t<\/div>\n\t\t\t\t\t\t\t\t<\/nav>\n\t\t\t\t\t\t\t<\/div><\/div><\/div><\/div><\/div>\n<\/div>","protected":false},"excerpt":{"rendered":"DANIELA ROCHA IJZERMAN Individual and Couples Therapy in English and Portuguese Welcome! Are you an expat experiencing difficulties? Are you...","protected":false},"author":39,"featured_media":0,"parent":0,"menu_order":0,"comment_status":"closed","ping_status":"closed","template":"","meta":{"footnotes":""},"simple-restrict-permission":[],"class_list":["post-1580","page","type-page","status-publish","hentry"],"_links":{"self":[{"href":"https:\/\/rochaijzerman.io\/pt\/wp-json\/wp\/v2\/pages\/1580","targetHints":{"allow":["GET"]}}],"collection":[{"href":"https:\/\/rochaijzerman.io\/pt\/wp-json\/wp\/v2\/pages"}],"about":[{"href":"https:\/\/rochaijzerman.io\/pt\/wp-json\/wp\/v2\/types\/page"}],"author":[{"embeddable":true,"href":"https:\/\/rochaijzerman.io\/pt\/wp-json\/wp\/v2\/users\/39"}],"replies":[{"embeddable":true,"href":"https:\/\/rochaijzerman.io\/pt\/wp-json\/wp\/v2\/comments?post=1580"}],"version-history":[{"count":54,"href":"https:\/\/rochaijzerman.io\/pt\/wp-json\/wp\/v2\/pages\/1580\/revisions"}],"predecessor-version":[{"id":4852,"href":"https:\/\/rochaijzerman.io\/pt\/wp-json\/wp\/v2\/pages\/1580\/revisions\/4852"}],"wp:attachment":[{"href":"https:\/\/rochaijzerman.io\/pt\/wp-json\/wp\/v2\/media?parent=1580"}],"wp:term":[{"taxonomy":"simple-restrict-permission","embeddable":true,"href":"https:\/\/rochaijzerman.io\/pt\/wp-json\/wp\/v2\/simple-restrict-permission?post=1580"}],"curies":[{"name":"wp","href":"https:\/\/api.w.org\/{rel}","templated":true}]}}