{"id":3866,"date":"2019-06-01T16:06:29","date_gmt":"2019-06-01T14:06:29","guid":{"rendered":"http:\/\/rochaijzerman.io\/?page_id=3866"},"modified":"2022-04-06T15:32:32","modified_gmt":"2022-04-06T13:32:32","slug":"couples-therapy","status":"publish","type":"page","link":"http:\/\/rochaijzerman.io\/pt\/couples-therapy\/","title":{"rendered":"Terapia de casal"},"content":{"rendered":"<div class=\"wpb-content-wrapper\"><div class=\"vc_row wpb_row vc_row-fluid\"><div class=\"wpb_column vc_column_container vc_col-sm-3\"><div class=\"vc_column-inner\"><div class=\"wpb_wrapper\"><\/div><\/div><\/div><div class=\"wpb_column vc_column_container vc_col-sm-6\"><div class=\"vc_column-inner\"><div class=\"wpb_wrapper\"><\/div><\/div><\/div><div class=\"wpb_column vc_column_container vc_col-sm-3\"><div class=\"vc_column-inner\"><div class=\"wpb_wrapper\"><\/div><\/div><\/div><div class=\"wpb_column vc_column_container vc_col-sm-3\"><div class=\"vc_column-inner\"><div class=\"wpb_wrapper\"><\/div><\/div><\/div><div class=\"wpb_column vc_column_container vc_col-sm-6\"><div class=\"vc_column-inner\"><div class=\"wpb_wrapper\">\n\t<div class=\"wpb_text_column wpb_content_element\" >\n\t\t<div class=\"wpb_wrapper\">\n\t\t\t<div>\n<h2 style=\"color: #485366; margin-left: 10%; margin-right: 10%;\"><em>Terapia de casal<\/em><\/h2>\n<h4 style=\"color: #485366; margin-left: 10%; margin-right: 10%;\"><em>Te ajudando a transformar intera\u00e7\u00f5es negativas com seu parceiro em trocas emocionais responsivas e carinhosas.<\/em><\/h4>\n<p style=\"margin-left: 10%; margin-right: 10%; text-align: justify;\">\u00c0s vezes voc\u00ea fica preso numa intera\u00e7\u00e3o complicada no relacionamento com o seu parceiro. Isso acontece com casais que est\u00e3o passando por dificuldades. Casais que est\u00e3o com dificuldades de relacionamento passam por ciclos muito semelhantes de intera\u00e7\u00f5es negativas em seus relacionamentos. Se sentir angustiado em seu relacionamento afeta sua sa\u00fade e bem-estar, como mostram estudos ap\u00f3s estudos cient\u00edficos. A seguran\u00e7a e a confian\u00e7a nos relacionamentos ajudam a trazer significado e a reduzir o stress na vida em geral. Estar em um relacionamento em que os parceiros respondem \u00e0s necessidades um do outro permite que ambos se sintam seguros e protegidos.<\/p>\n<p style=\"margin-left: 10%; margin-right: 10%; text-align: justify;\">Alguns casais podem querer interromper esses ciclos negativos e reduzir seus sentimentos de afastamento. Outros casais podem querer melhorar a sensa\u00e7\u00e3o de envolvimento para melhorar seus sentimentos de intimidade ou melhorar sua conex\u00e3o sexual. Eu posso ajudar tanto a reduzir o sentimento de afastamento quanto a melhorar sentimentos de conex\u00e3o e intimidade. Atrav\u00e9s da terapia de casal, espero ajud\u00e1-los a entender quais sinais emocionais podem ser enviados para melhorar seus sentimentos de seguran\u00e7a e conex\u00e3o um com o outro.<\/p>\n<\/div>\n\n\t\t<\/div>\n\t<\/div>\n\n\t<div class=\"wpb_text_column wpb_content_element\" >\n\t\t<div class=\"wpb_wrapper\">\n\t\t\t<div>\n<h4 style=\"margin-left: 10%; margin-right: 10%; color: #485366; text-align: justify;\"><em>Vis\u00e3o geral do processo <\/em><\/h4>\n<p style=\"margin-left: 10%; margin-right: 10%; text-align: justify;\"><span style=\"font-weight: 400;\">Durante a terapia de casais, procurarei oferecer um ambiente seguro e solid\u00e1rio para voc\u00eas dois. O objetivo da terapia \u00e9 ajud\u00e1-lo a entender melhor o que est\u00e1 impedindo voc\u00ea de ter um relacionamento mais satisfat\u00f3rio. Juntos, identificaremos quais padr\u00f5es recorrentes de intera\u00e7\u00e3o podem amea\u00e7ar a intimidade e a satisfa\u00e7\u00e3o no relacionamento entre voc\u00eas dois. Nesta fase, identificaremos suas posi\u00e7\u00f5es durante essa din\u00e2mica. Mais tarde, focaremos juntos em reparar e \/ ou melhorar o v\u00ednculo entre voc\u00eas. Meu objetivo final \u00e9 ajudar voc\u00ea a se sentir mais pr\u00f3ximo e a experimentar uma maior capacidade de resposta m\u00fatua. Por fim, buscaremos juntos obter um maior senso de satisfa\u00e7\u00e3o e seguran\u00e7a em seu relacionamento. <\/span><\/p>\n<\/div>\n\n\t\t<\/div>\n\t<\/div>\n\n\t<div class=\"wpb_text_column wpb_content_element\" >\n\t\t<div class=\"wpb_wrapper\">\n\t\t\t<div>\n<h4 style=\"margin-left: 10%; margin-right: 10%; color: #485366;\"><em>Como come\u00e7ar?<\/em><\/h4>\n<p style=\"margin-left: 10%; margin-right: 10%; text-align: justify;\">A terapia de casal \u00e9 um processo colaborativo entre cliente e terapeuta. Para que o terapeuta seja capaz de oferecer um ambiente seguro, o cliente e o terapeuta devem ter os mesmos objetivos. Antes de marcar uma primeira sess\u00e3o comigo, gostaria de ter mais informa\u00e7\u00f5es sobre voc\u00ea e o seu parceiro e sobre o que voc\u00eas esperam da terapia. Por este motivo, se voc\u00ea estiver interessado em iniciar uma terapia comigo, entre em contato comigo por e-mail ou formul\u00e1rio de contato. Vou revisar suas informa\u00e7\u00f5es e responder dentro de uma semana para agendar uma liga\u00e7\u00e3o. Esse primeiro contato (sem custo) consistir\u00e1 numa conversa de 15 minutos onde ambos podemos solicitar alguns esclarecimentos.<\/p>\n<p style=\"margin-left: 10%; margin-right: 10%; text-align: justify;\"><small> Como a rela\u00e7\u00e3o cliente-terapeuta \u00e9 muito pessoal, \u00e9 poss\u00edvel que a avalia\u00e7\u00e3o inicial mostre que eu n\u00e3o sou a terapeuta mais indicada para ajud\u00e1-lo. Nesse caso, farei o poss\u00edvel para encaminh\u00e1-lo a um terapeuta que possa ser mais adequado.<\/small><\/p>\n<\/div>\n\n\t\t<\/div>\n\t<\/div>\n\n\t<div class=\"wpb_text_column wpb_content_element\" >\n\t\t<div class=\"wpb_wrapper\">\n\t\t\t<div>\n<h4 style=\"color: #485366; margin-left: 10%; margin-right: 10%;\"><em>Sess\u00f5es de Terapia de Casal <\/em><\/h4>\n<p style=\"margin-left: 10%; margin-right: 10%; text-align: justify;\">As sess\u00f5es de terapia de casais duram 75 minutos (presencialmente) ou 60 minutos (on-line) e s\u00e3o geralmente agendadas uma vez por semana. A partir do momento que voc\u00ea se torna um cliente,  poder\u00e1 reservar diretamente datas e hor\u00e1rios para seus compromissos usando uma plataforma de agendamento on-line. As sess\u00f5es podem ser canceladas ou alteradas usando a mesma plataforma de agendamento (nenhum custo se aplica a sess\u00f5es canceladas com 48 horas ou mais de anteced\u00eancia). Para obter mais informa\u00e7\u00f5es sobre os custos, por favor consulte <strong><a href=\"http:\/\/rochaijzerman.io\/pt\/fees\/\">Valores<\/a>.<\/strong><\/p>\n<\/div>\n\n\t\t<\/div>\n\t<\/div>\n<\/div><\/div><\/div><div class=\"wpb_column vc_column_container vc_col-sm-3\"><div class=\"vc_column-inner\"><div class=\"wpb_wrapper\"><\/div><\/div><\/div><\/div><div class=\"vc_row wpb_row vc_row-fluid\"><div class=\"wpb_column vc_column_container vc_col-sm-12\"><div class=\"vc_column-inner\"><div class=\"wpb_wrapper\"><\/div><\/div><\/div><\/div>\n<\/div>","protected":false},"excerpt":{"rendered":"Couples Therapy Helping you to transform negative interactions with your partner into responsive and caring emotional exchanges. Sometimes you get...","protected":false},"author":39,"featured_media":0,"parent":0,"menu_order":0,"comment_status":"closed","ping_status":"closed","template":"","meta":{"footnotes":""},"simple-restrict-permission":[],"class_list":["post-3866","page","type-page","status-publish","hentry"],"_links":{"self":[{"href":"http:\/\/rochaijzerman.io\/pt\/wp-json\/wp\/v2\/pages\/3866","targetHints":{"allow":["GET"]}}],"collection":[{"href":"http:\/\/rochaijzerman.io\/pt\/wp-json\/wp\/v2\/pages"}],"about":[{"href":"http:\/\/rochaijzerman.io\/pt\/wp-json\/wp\/v2\/types\/page"}],"author":[{"embeddable":true,"href":"http:\/\/rochaijzerman.io\/pt\/wp-json\/wp\/v2\/users\/39"}],"replies":[{"embeddable":true,"href":"http:\/\/rochaijzerman.io\/pt\/wp-json\/wp\/v2\/comments?post=3866"}],"version-history":[{"count":36,"href":"http:\/\/rochaijzerman.io\/pt\/wp-json\/wp\/v2\/pages\/3866\/revisions"}],"predecessor-version":[{"id":4875,"href":"http:\/\/rochaijzerman.io\/pt\/wp-json\/wp\/v2\/pages\/3866\/revisions\/4875"}],"wp:attachment":[{"href":"http:\/\/rochaijzerman.io\/pt\/wp-json\/wp\/v2\/media?parent=3866"}],"wp:term":[{"taxonomy":"simple-restrict-permission","embeddable":true,"href":"http:\/\/rochaijzerman.io\/pt\/wp-json\/wp\/v2\/simple-restrict-permission?post=3866"}],"curies":[{"name":"wp","href":"https:\/\/api.w.org\/{rel}","templated":true}]}}