{"id":3860,"date":"2019-06-01T16:02:25","date_gmt":"2019-06-01T14:02:25","guid":{"rendered":"http:\/\/rochaijzerman.io\/?page_id=3860"},"modified":"2022-04-06T15:31:34","modified_gmt":"2022-04-06T13:31:34","slug":"individual-therapy","status":"publish","type":"page","link":"http:\/\/rochaijzerman.io\/pt\/individual-therapy\/","title":{"rendered":"Terapia individual"},"content":{"rendered":"<div class=\"wpb-content-wrapper\"><div class=\"vc_row wpb_row vc_row-fluid\"><div class=\"wpb_column vc_column_container vc_col-sm-3\"><div class=\"vc_column-inner\"><div class=\"wpb_wrapper\"><\/div><\/div><\/div><div class=\"wpb_column vc_column_container vc_col-sm-6\"><div class=\"vc_column-inner\"><div class=\"wpb_wrapper\">\n\t<div class=\"wpb_text_column wpb_content_element\" >\n\t\t<div class=\"wpb_wrapper\">\n\t\t\t<div>\n<h2 style=\"color: #485366; margin-left: 10%; margin-right: 10%;\"><em>Terapia Individual<\/em><\/h2>\n<h4 style=\"color: #485366; margin-left: 10%; margin-right: 10%;\"><b>Te ajudando a compartilhar suas dificuldades pessoais para que voc\u00ea ganhe maior clareza do que pode ser feito para melhorar seu bem-estar. <\/b><\/h4>\n<p style=\"margin-left: 10%; margin-right: 10%; text-align: justify;\"><span style=\"font-weight: 400;\">A vida \u00e9 mais dif\u00edcil do que voc\u00ea gostaria que ela fosse. Talvez voc\u00ea se sinta sozinho, se sinta estressado ou esteja preso a um ciclo do qual n\u00e3o consegue sair. Stress, solid\u00e3o ou rumina\u00e7\u00e3o - como pesquisas cient\u00edficas mostraram - podem prejudicar sua sa\u00fade mental <\/span><i><span style=\"font-weight: 400;\">e <\/span><\/i><span style=\"font-weight: 400;\">f\u00edsica. Para experimentar a sensa\u00e7\u00e3o de viver uma vida com sentido, com um sentimento de prazer e confian\u00e7a, apesar de todos os desafios que a vida apresenta, \u00e9 importante superar esses padr\u00f5es negativos. Eu posso ajud\u00e1-lo a identificar esses ciclos, a sair deles e a esclarecer os momentos em que voc\u00ea fica preso nos ciclos negativos. Finalmente, eu espero apoi\u00e1-lo a avan\u00e7ar na vida. <\/span><\/p>\n<\/div>\n\n\t\t<\/div>\n\t<\/div>\n<\/div><\/div><\/div><div class=\"wpb_column vc_column_container vc_col-sm-3\"><div class=\"vc_column-inner\"><div class=\"wpb_wrapper\"><\/div><\/div><\/div><\/div><div class=\"vc_row wpb_row vc_row-fluid\"><div class=\"wpb_column vc_column_container vc_col-sm-3\"><div class=\"vc_column-inner\"><div class=\"wpb_wrapper\"><\/div><\/div><\/div><div class=\"wpb_column vc_column_container vc_col-sm-6\"><div class=\"vc_column-inner\"><div class=\"wpb_wrapper\">\n\t<div class=\"wpb_text_column wpb_content_element\" >\n\t\t<div class=\"wpb_wrapper\">\n\t\t\t<div>\n<h4 style=\"color: #485366; margin-left: 10%; margin-right: 10%;\"><em>Vis\u00e3o geral do processo<\/em><\/h4>\n<p style=\"font-weight: 400; margin-left: 10%; margin-right: 10%; text-align: justify;\">Durante a terapia individual, meu objetivo \u00e9 fornecer a voc\u00ea um ambiente seguro e de apoio para que voc\u00ea se sinta confort\u00e1vel em compartilhar <span style=\"font-weight: 400;\">as dificuldades com as quais voc\u00ea possa ter se deparado. Vou ajud\u00e1-lo a ter uma vis\u00e3o mais clara dos ciclos em que voc\u00ea est\u00e1 entrando. Ao mesmo tempo, vou apoiar e gui\u00e1-lo para explorar suas emo\u00e7\u00f5es, seus pensamentos e seus comportamentos. \u00c0 medida que exploramos juntos, espero ajud\u00e1-lo a entender melhor suas necessidades. Tamb\u00e9m espero ajud\u00e1-lo a experimentar novas maneiras de se relacionar consigo mesmo e com os outros. Esse processo pode incluir a necessidade de explorarmos algumas de suas experi\u00eancias passadas, afinal de contas, experi\u00eancias passadas podem ter moldado a forma como voc\u00ea lida com suas dificuldades. Ganhar clareza sobre essa influ\u00eancia dessas experi\u00eancias passadas para suas dificuldades atuais pode ajudar a superar os ciclos negativos recorrentes e substitu\u00ed-los por novas formas de enfrentamento. O objetivo final da sua terapia individual comigo \u00e9, portanto, encontrar uma sa\u00edda para os padr\u00f5es negativos recorrentes que est\u00e3o causando dificuldades em sua vida.Finalmente, meu objetivo ser\u00e1 ajud\u00e1-lo a se sentir mais confiante e mais aberto para explorar.<\/span><\/p>\n<\/div>\n\n\t\t<\/div>\n\t<\/div>\n\n\t<div class=\"wpb_text_column wpb_content_element\" >\n\t\t<div class=\"wpb_wrapper\">\n\t\t\t<div>\n<h4 style=\"color: #485366; margin-left: 10%; margin-right: 10%;\"><em>\u00c1reas em que posso ajud\u00e1-lo <\/em><\/h4>\n<ul style=\"margin-left: 10%; margin-right: 10%;\">\n<li>Depress\u00e3o<\/li>\n<li>Stress<\/li>\n<li>Ansiedade<\/li>\n<li>Auto-estima<\/li>\n<li>Relacionamentos<\/li>\n<li>Transi\u00e7\u00f5es de vida<\/li>\n<li>Adapta\u00e7\u00e3o cultural<\/li>\n<li>Trauma<\/li>\n<\/ul>\n<\/div>\n\n\t\t<\/div>\n\t<\/div>\n\n\t<div class=\"wpb_text_column wpb_content_element\" >\n\t\t<div class=\"wpb_wrapper\">\n\t\t\t<div>\n<h4 style=\"color: #485366; margin-left: 10%; margin-right: 10%;\"><em>Como come\u00e7ar?<\/em><\/h4>\n<p style=\"margin-left: 10%; margin-right: 10%; text-align: justify;\"><span style=\"font-weight: 400;\">A terapia individual \u00e9 um processo colaborativo entre cliente e terapeuta. Para que o terapeuta seja capaz de oferecer um ambiente seguro, o cliente e o terapeuta devem ter os mesmos objetivos. Antes de marcar uma primeira sess\u00e3o comigo, gostaria de ter mais informa\u00e7\u00f5es sobre voc\u00ea. Por este motivo, se voc\u00ea estiver interessado em iniciar uma terapia comigo, entre em contato comigo por e-mail ou formul\u00e1rio de contato. Vou revisar suas informa\u00e7\u00f5es e responder dentro de uma semana para agendar uma liga\u00e7\u00e3o. Esse primeiro contato (sem custo) consistir\u00e1 numa conversa de 15 minutos onde ambos podemos solicitar alguns esclarecimentos.\u00a0<\/span><\/p>\n<div class=\"wpb_text_column wpb_content_element\">\n<div class=\"wpb_wrapper\">\n<div>\n<p style=\"margin-left: 10%; margin-right: 10%; text-align: justify;\"><small>Como a rela\u00e7\u00e3o cliente-terapeuta \u00e9 muito pessoal, \u00e9 poss\u00edvel que a avalia\u00e7\u00e3o inicial mostre que eu n\u00e3o sou a terapeuta mais indicada para ajud\u00e1-lo. Nesse caso, farei o poss\u00edvel para encaminh\u00e1-lo a um terapeuta que possa ser mais adequado.<\/small><\/p>\n<\/div>\n<\/div>\n<\/div>\n<div class=\"wpb_text_column wpb_content_element\">\n<div class=\"wpb_wrapper\">\n<div><\/div>\n<\/div>\n<\/div>\n<\/div>\n\n\t\t<\/div>\n\t<\/div>\n\n\t<div class=\"wpb_text_column wpb_content_element\" >\n\t\t<div class=\"wpb_wrapper\">\n\t\t\t<div>\n<h4 style=\"color: #485366; margin-left: 10%; margin-right: 10%;\"><em>Sess\u00f5es de Terapia Individual <\/em><\/h4>\n<p style=\"margin-left: 10%; margin-right: 10%; text-align: justify;\">As sess\u00f5es de terapia individual duram 50 minutos e geralmente s\u00e3o programadas uma vez por semana. A partir do momento que voc\u00ea se torna um cliente, poder\u00e1 reservar diretamente datas e hor\u00e1rios para seus compromissos usando uma plataforma de agendamento on-line. As sess\u00f5es podem ser canceladas ou alteradas usando a mesma plataforma de agendamento (nenhum custo se aplica a sess\u00f5es canceladas com 48 horas ou mais de anteced\u00eancia). Para obter mais informa\u00e7\u00f5es sobre os custos, por favor consulte <strong><a href=\"http:\/\/rochaijzerman.io\/pt\/fees\/\">Valores<\/a><\/strong>.<\/p>\n<\/div>\n\n\t\t<\/div>\n\t<\/div>\n<\/div><\/div><\/div><div class=\"wpb_column vc_column_container vc_col-sm-3\"><div class=\"vc_column-inner\"><div class=\"wpb_wrapper\"><\/div><\/div><\/div><\/div>\n<\/div>","protected":false},"excerpt":{"rendered":"Individual Therapy Helping you to share your personal struggles to become more aware of what can be done to improve...","protected":false},"author":39,"featured_media":0,"parent":0,"menu_order":0,"comment_status":"closed","ping_status":"closed","template":"","meta":{"footnotes":""},"simple-restrict-permission":[],"class_list":["post-3860","page","type-page","status-publish","hentry"],"_links":{"self":[{"href":"http:\/\/rochaijzerman.io\/pt\/wp-json\/wp\/v2\/pages\/3860","targetHints":{"allow":["GET"]}}],"collection":[{"href":"http:\/\/rochaijzerman.io\/pt\/wp-json\/wp\/v2\/pages"}],"about":[{"href":"http:\/\/rochaijzerman.io\/pt\/wp-json\/wp\/v2\/types\/page"}],"author":[{"embeddable":true,"href":"http:\/\/rochaijzerman.io\/pt\/wp-json\/wp\/v2\/users\/39"}],"replies":[{"embeddable":true,"href":"http:\/\/rochaijzerman.io\/pt\/wp-json\/wp\/v2\/comments?post=3860"}],"version-history":[{"count":41,"href":"http:\/\/rochaijzerman.io\/pt\/wp-json\/wp\/v2\/pages\/3860\/revisions"}],"predecessor-version":[{"id":4874,"href":"http:\/\/rochaijzerman.io\/pt\/wp-json\/wp\/v2\/pages\/3860\/revisions\/4874"}],"wp:attachment":[{"href":"http:\/\/rochaijzerman.io\/pt\/wp-json\/wp\/v2\/media?parent=3860"}],"wp:term":[{"taxonomy":"simple-restrict-permission","embeddable":true,"href":"http:\/\/rochaijzerman.io\/pt\/wp-json\/wp\/v2\/simple-restrict-permission?post=3860"}],"curies":[{"name":"wp","href":"https:\/\/api.w.org\/{rel}","templated":true}]}}